{"id":31,"date":"2020-09-26T12:12:25","date_gmt":"2020-09-26T12:12:25","guid":{"rendered":"http:\/\/mersy.eu\/tr\/?page_id=31"},"modified":"2025-09-02T21:49:37","modified_gmt":"2025-09-02T21:49:37","slug":"urunlerimiz","status":"publish","type":"page","link":"http:\/\/mersy.eu\/v1\/?page_id=31","title":{"rendered":"\u00fcr\u00fcnlerimiz"},"content":{"rendered":"\n<h2 class=\"wp-block-heading has-text-align-center\">\u00dcR\u00dcNLER\u0130M\u0130Z<\/h2>\n\n\n\n<hr class=\"wp-block-separator has-alpha-channel-opacity\"\/>\n\n\n\n<div class=\"wp-block-group alignfull has-background has-global-padding is-layout-constrained wp-block-group-is-layout-constrained\" style=\"background-color:#e5e9ec;padding-top:var(--wp--preset--spacing--small);padding-bottom:var(--wp--preset--spacing--small)\">\n<div class=\"wp-block-columns is-layout-flex wp-container-core-columns-is-layout-7db7aa3e wp-block-columns-is-layout-flex\" style=\"padding-right:0;padding-left:0\">\n<div class=\"wp-block-column is-vertically-aligned-center is-layout-flow wp-block-column-is-layout-flow\">\n<h2 class=\"wp-block-heading has-medium-font-size\" style=\"text-transform:uppercase\">\u00c7\u0130NKO CEVHER\u0130<\/h2>\n\n\n\n<p>\u00c7inko cevheri, \u00f6nemli bir \u00e7inko konsantrasyonu i\u00e7eren do\u011fal olarak olu\u015fan kaya veya mineral anlam\u0131na gelir. \u00c7inko, Zn sembol\u00fc ve atom numaras\u0131 30 olan kimyasal bir elementtir. M\u00fckemmel korozyon direnci, i\u015flenebilirli\u011fi ve iletkenli\u011fi ile bilinen mavimsi beyaz, parlak bir metaldir.<\/p>\n<\/div>\n\n\n\n<div class=\"wp-block-column is-layout-flow wp-block-column-is-layout-flow\">\n<figure class=\"wp-block-image size-full\"><img loading=\"lazy\" decoding=\"async\" width=\"1024\" height=\"1024\" src=\"http:\/\/mersy.eu\/v1\/wp-content\/uploads\/2025\/07\/CINKO.png\" alt=\"\" class=\"wp-image-6577\" srcset=\"http:\/\/mersy.eu\/v1\/wp-content\/uploads\/2025\/07\/CINKO.png 1024w, http:\/\/mersy.eu\/v1\/wp-content\/uploads\/2025\/07\/CINKO-300x300.png 300w, http:\/\/mersy.eu\/v1\/wp-content\/uploads\/2025\/07\/CINKO-150x150.png 150w\" sizes=\"auto, (max-width: 1024px) 100vw, 1024px\" \/><\/figure>\n<\/div>\n<\/div>\n<\/div>\n\n\n\n<hr class=\"wp-block-separator has-alpha-channel-opacity\"\/>\n\n\n\n<div class=\"wp-block-group alignfull has-background has-global-padding is-layout-constrained wp-block-group-is-layout-constrained\" style=\"background-color:#e5e9ec;padding-top:var(--wp--preset--spacing--small);padding-bottom:var(--wp--preset--spacing--small)\">\n<div class=\"wp-block-columns is-layout-flex wp-container-core-columns-is-layout-7db7aa3e wp-block-columns-is-layout-flex\" style=\"padding-right:0;padding-left:0\">\n<div class=\"wp-block-column is-vertically-aligned-center is-layout-flow wp-block-column-is-layout-flow\">\n<h2 class=\"wp-block-heading has-medium-font-size\" style=\"text-transform:uppercase\">BAKIR CEVHER\u0130<\/h2>\n\n\n\n<p>Bak\u0131r (Cu) cevheri, de\u011fi\u015fen konsantrasyonlarda bak\u0131r i\u00e7eren do\u011fal olarak olu\u015fan bir maden yata\u011f\u0131d\u0131r. M\u00fckemmel elektriksel ve termal iletkenli\u011fi, y\u00fcksek s\u00fcnekli\u011fi ve korozyona kar\u015f\u0131 direnci nedeniyle insan uygarl\u0131klar\u0131 taraf\u0131ndan binlerce y\u0131ld\u0131r kullan\u0131lan \u00f6nemli bir end\u00fcstriyel metaldir.<\/p>\n<\/div>\n\n\n\n<div class=\"wp-block-column is-layout-flow wp-block-column-is-layout-flow\">\n<figure class=\"wp-block-image size-full\"><img loading=\"lazy\" decoding=\"async\" width=\"1024\" height=\"1024\" src=\"http:\/\/mersy.eu\/v1\/wp-content\/uploads\/2025\/07\/bakir.png\" alt=\"\" class=\"wp-image-6576\" srcset=\"http:\/\/mersy.eu\/v1\/wp-content\/uploads\/2025\/07\/bakir.png 1024w, http:\/\/mersy.eu\/v1\/wp-content\/uploads\/2025\/07\/bakir-300x300.png 300w, http:\/\/mersy.eu\/v1\/wp-content\/uploads\/2025\/07\/bakir-150x150.png 150w\" sizes=\"auto, (max-width: 1024px) 100vw, 1024px\" \/><\/figure>\n<\/div>\n<\/div>\n<\/div>\n\n\n\n<hr class=\"wp-block-separator has-alpha-channel-opacity\"\/>\n\n\n\n<div class=\"wp-block-group alignfull has-background has-global-padding is-layout-constrained wp-block-group-is-layout-constrained\" style=\"background-color:#e5e9ec;padding-top:var(--wp--preset--spacing--small);padding-bottom:var(--wp--preset--spacing--small)\">\n<div class=\"wp-block-columns is-layout-flex wp-container-core-columns-is-layout-7db7aa3e wp-block-columns-is-layout-flex\" style=\"padding-right:0;padding-left:0\">\n<div class=\"wp-block-column is-vertically-aligned-center is-layout-flow wp-block-column-is-layout-flow\">\n<h2 class=\"wp-block-heading has-medium-font-size\" style=\"text-transform:uppercase\">N\u0130KEL CEVHER\u0130<\/h2>\n\n\n\n<p>Nikel, atom numaras\u0131 28 olan ve simgesi Ni olan kimyasal bir elementtir.<br>Nikelin havaya kar\u015f\u0131 g\u00f6sterdi\u011fi oksitlenme direnci sayesinde; bozuk para \u00fcretiminde, kimyasal ara\u00e7 ve gere\u00e7lerin \u00fcretiminde ve Alman g\u00fcm\u00fc\u015f\u00fc gibi bir\u00e7ok ala\u015f\u0131m\u0131n \u00fcretiminde kullan\u0131l\u0131r. Nikel do\u011fada genelde kobalt ile birlikte bulunur. Ala\u015f\u0131mlar (\u00f6zellikle s\u00fcper ala\u015f\u0131mlar) ve paslanmaz \u00e7elik \u00fcretiminde \u00f6nemlidir. Ayr\u0131ca nikel do\u011fal bir \u00f6zelli\u011fi sayesinde manyetik bir alan i\u00e7inde bir miktar boyut de\u011fi\u015ftirme kabiliyetine sahiptir. Nikelde bu de\u011fi\u015fim negatif y\u00f6nde olmaktad\u0131r.<br>Nikelin oksitlenmi\u015f hali genelde +2 de\u011ferliklidir ancak 0, +1, +3, +4 de\u011ferlikleri de g\u00f6zlemlenmi\u015ftir. Bununla birlikte +6 de\u011ferlikli nikelin varl\u0131\u011f\u0131 da m\u00fcmk\u00fcn olabilir.<\/p>\n<\/div>\n\n\n\n<div class=\"wp-block-column is-layout-flow wp-block-column-is-layout-flow\">\n<figure class=\"wp-block-image size-full\"><img loading=\"lazy\" decoding=\"async\" width=\"1024\" height=\"1024\" src=\"http:\/\/mersy.eu\/v1\/wp-content\/uploads\/2025\/07\/nikel.png\" alt=\"\" class=\"wp-image-6575\" srcset=\"http:\/\/mersy.eu\/v1\/wp-content\/uploads\/2025\/07\/nikel.png 1024w, http:\/\/mersy.eu\/v1\/wp-content\/uploads\/2025\/07\/nikel-300x300.png 300w, http:\/\/mersy.eu\/v1\/wp-content\/uploads\/2025\/07\/nikel-150x150.png 150w\" sizes=\"auto, (max-width: 1024px) 100vw, 1024px\" \/><\/figure>\n<\/div>\n<\/div>\n<\/div>\n\n\n\n<hr class=\"wp-block-separator has-alpha-channel-opacity\"\/>\n\n\n\n<div class=\"wp-block-group alignfull has-background has-global-padding is-layout-constrained wp-block-group-is-layout-constrained\" style=\"background-color:#e5e9ec;padding-top:var(--wp--preset--spacing--small);padding-bottom:var(--wp--preset--spacing--small)\">\n<div class=\"wp-block-columns is-layout-flex wp-container-core-columns-is-layout-7db7aa3e wp-block-columns-is-layout-flex\" style=\"padding-right:0;padding-left:0\">\n<div class=\"wp-block-column is-vertically-aligned-center is-layout-flow wp-block-column-is-layout-flow\">\n<h2 class=\"wp-block-heading has-medium-font-size\" style=\"text-transform:uppercase\">KUR\u015eUN CEVHER\u0130<\/h2>\n\n\n\n<p>Kur\u015fun cevheri, de\u011fi\u015fen konsantrasyonlarda kur\u015fun i\u00e7eren do\u011fal olarak olu\u015fan bir mineral yata\u011f\u0131d\u0131r. Tipik olarak madencilik yoluyla yer kabu\u011fundan \u00e7\u0131kar\u0131l\u0131r ve yumu\u015fak, a\u011f\u0131r ve mavimsi gri bir metal olan \u00f6nemli bir kur\u015fun kayna\u011f\u0131d\u0131r.<\/p>\n<\/div>\n\n\n\n<div class=\"wp-block-column is-layout-flow wp-block-column-is-layout-flow\">\n<figure class=\"wp-block-image size-full\"><img loading=\"lazy\" decoding=\"async\" width=\"1024\" height=\"1024\" src=\"http:\/\/mersy.eu\/v1\/wp-content\/uploads\/2025\/07\/kursun.png\" alt=\"\" class=\"wp-image-6574\" srcset=\"http:\/\/mersy.eu\/v1\/wp-content\/uploads\/2025\/07\/kursun.png 1024w, http:\/\/mersy.eu\/v1\/wp-content\/uploads\/2025\/07\/kursun-300x300.png 300w, http:\/\/mersy.eu\/v1\/wp-content\/uploads\/2025\/07\/kursun-150x150.png 150w\" sizes=\"auto, (max-width: 1024px) 100vw, 1024px\" \/><\/figure>\n<\/div>\n<\/div>\n<\/div>\n\n\n\n<hr class=\"wp-block-separator has-alpha-channel-opacity\"\/>\n\n\n","protected":false},"excerpt":{"rendered":"<p>\u00dcR\u00dcNLER\u0130M\u0130Z \u00c7\u0130NKO CEVHER\u0130 \u00c7inko cevheri, \u00f6nemli bir \u00e7inko konsantrasyonu i\u00e7eren do\u011fal olarak olu\u015fan kaya veya mineral anlam\u0131na gelir. \u00c7inko, Zn sembol\u00fc ve atom numaras\u0131 30 olan kimyasal bir elementtir. M\u00fckemmel korozyon direnci, i\u015flenebilirli\u011fi ve iletkenli\u011fi ile bilinen mavimsi beyaz, parlak bir metaldir. BAKIR CEVHER\u0130 Bak\u0131r (Cu) cevheri, de\u011fi\u015fen konsantrasyonlarda bak\u0131r i\u00e7eren do\u011fal olarak olu\u015fan bir &hellip; <\/p>\n<p class=\"link-more\"><a href=\"http:\/\/mersy.eu\/v1\/?page_id=31\" class=\"more-link\"><span class=\"screen-reader-text\"> &#8220;\u00fcr\u00fcnlerimiz&#8221;<\/span>devam\u0131n\u0131 oku<\/a><\/p>\n","protected":false},"author":1,"featured_media":0,"parent":23,"menu_order":0,"comment_status":"closed","ping_status":"closed","template":"page-templates\/no-title.php","meta":{"footnotes":""},"class_list":["post-31","page","type-page","status-publish","hentry"],"_links":{"self":[{"href":"http:\/\/mersy.eu\/v1\/index.php?rest_route=\/wp\/v2\/pages\/31","targetHints":{"allow":["GET"]}}],"collection":[{"href":"http:\/\/mersy.eu\/v1\/index.php?rest_route=\/wp\/v2\/pages"}],"about":[{"href":"http:\/\/mersy.eu\/v1\/index.php?rest_route=\/wp\/v2\/types\/page"}],"author":[{"embeddable":true,"href":"http:\/\/mersy.eu\/v1\/index.php?rest_route=\/wp\/v2\/users\/1"}],"replies":[{"embeddable":true,"href":"http:\/\/mersy.eu\/v1\/index.php?rest_route=%2Fwp%2Fv2%2Fcomments&post=31"}],"version-history":[{"count":8,"href":"http:\/\/mersy.eu\/v1\/index.php?rest_route=\/wp\/v2\/pages\/31\/revisions"}],"predecessor-version":[{"id":7104,"href":"http:\/\/mersy.eu\/v1\/index.php?rest_route=\/wp\/v2\/pages\/31\/revisions\/7104"}],"up":[{"embeddable":true,"href":"http:\/\/mersy.eu\/v1\/index.php?rest_route=\/wp\/v2\/pages\/23"}],"wp:attachment":[{"href":"http:\/\/mersy.eu\/v1\/index.php?rest_route=%2Fwp%2Fv2%2Fmedia&parent=31"}],"curies":[{"name":"wp","href":"https:\/\/api.w.org\/{rel}","templated":true}]}}