{"id":10,"date":"2020-09-26T12:03:54","date_gmt":"2020-09-26T12:03:54","guid":{"rendered":"http:\/\/mersy.eu\/tr\/?page_id=10"},"modified":"2025-09-02T21:51:46","modified_gmt":"2025-09-02T21:51:46","slug":"misyon-vizyon","status":"publish","type":"page","link":"http:\/\/mersy.eu\/v1\/?page_id=10","title":{"rendered":"misyon vizyon"},"content":{"rendered":"\n<h2 class=\"wp-block-heading has-text-align-center\">Misyon &amp; Vizyon<\/h2>\n\n\n\n<p>M\u0130SYONUMUZ<\/p>\n\n\n\n<p>Do\u011fal kaynaklar\u0131n ak\u0131lc\u0131, sorumlu ve s\u00fcrd\u00fcr\u00fclebilir bir yakla\u015f\u0131mla ekonomiye kazand\u0131r\u0131lmas\u0131 hedefiyle; y\u00fcksek standartlarda, \u00e7evreye duyarl\u0131 ve toplumsal fayday\u0131 g\u00f6zeten madencilik faaliyetleri y\u00fcr\u00fct\u00fcyoruz.<br>Amac\u0131m\u0131z; maden \u00e7\u0131karma ve i\u015fleme s\u00fcre\u00e7lerinde teknolojiyi, bilimi ve insan kayna\u011f\u0131n\u0131 en verimli \u015fekilde kullanarak, yerli ve yabanc\u0131 pazarlara kaliteli, g\u00fcvenilir ve izlenebilir \u00fcr\u00fcnler sunmak.<br>T\u00fcm s\u00fcre\u00e7lerimizde i\u015f sa\u011fl\u0131\u011f\u0131 ve g\u00fcvenli\u011fi, \u00e7evre koruma, etik de\u011ferler ve sosyal sorumluluk ilkelerini merkeze al\u0131yor; payda\u015flar\u0131m\u0131zla birlikte b\u00fcy\u00fcmeyi ve katma de\u011fer \u00fcretmeyi benimsiyoruz.<\/p>\n\n\n\n<p>\u2e3b<\/p>\n\n\n\n<p>V\u0130ZYONUMUZ<\/p>\n\n\n\n<p>K\u00fcresel madencilik sekt\u00f6r\u00fcnde; teknolojik altyap\u0131s\u0131 g\u00fc\u00e7l\u00fc, inovasyona a\u00e7\u0131k, \u00e7evreci, ve uluslararas\u0131 rekabete haz\u0131r bir marka olarak an\u0131lmak.<br>Do\u011fal kaynaklara duydu\u011fumuz sayg\u0131yla, faaliyet g\u00f6sterdi\u011fimiz her co\u011frafyada ekonomik kalk\u0131nmay\u0131 destekleyen, istihdam sa\u011flayan ve do\u011faya en az m\u00fcdahaleyle \u00fcretim yapan \u00f6nc\u00fc bir \u015firket olmay\u0131 hedefliyoruz.<br>Hedefimiz yaln\u0131zca maden \u00e7\u0131karmak de\u011fil; ayn\u0131 zamanda bilgi \u00fcretmek, de\u011fer yaratmak ve gelecek nesillere ya\u015fanabilir bir d\u00fcnya b\u0131rakmak i\u00e7in sorumluluk almakt\u0131r.<\/p>\n\n\n\n<p>\u2e3b<\/p>\n\n\n\n<p>DE\u011eERLER\u0130M\u0130Z<br>\u2022 G\u00fcvenilirlik: T\u00fcm i\u015f s\u00fcre\u00e7lerimizde \u015feffaf, d\u00fcr\u00fcst ve etik bir yakla\u015f\u0131m sergileriz.<br>\u2022 S\u00fcrd\u00fcr\u00fclebilirlik: Do\u011fal kaynaklar\u0131 gelecek nesillere aktarabilmek ad\u0131na \u00e7evreyi ve ekosistemi korumay\u0131 temel ilke ediniriz.<br>\u2022 \u0130\u015f Sa\u011fl\u0131\u011f\u0131 ve G\u00fcvenli\u011fi: \u00c7al\u0131\u015fanlar\u0131m\u0131z\u0131n sa\u011fl\u0131\u011f\u0131 ve g\u00fcvenli\u011fi, operasyonlar\u0131m\u0131z\u0131n vazge\u00e7ilmez \u00f6nceli\u011fidir.<br>\u2022 \u0130novasyon: Teknolojiyi ve bilimsel geli\u015fmeleri yak\u0131ndan takip ederek, \u00fcretim s\u00fcre\u00e7lerimizi s\u00fcrekli geli\u015ftiririz.<br>\u2022 Toplumsal Sorumluluk: Faaliyet g\u00f6sterdi\u011fimiz b\u00f6lgelerde ekonomik, sosyal ve k\u00fclt\u00fcrel kalk\u0131nmaya katk\u0131 sa\u011flamay\u0131 g\u00f6rev biliriz.<br>\u2022 Kalite: \u00dcretimden sevkiyata kadar t\u00fcm s\u00fcre\u00e7lerde kalite standartlar\u0131na titizlikle ba\u011fl\u0131 kal\u0131r\u0131z.<\/p>\n\n\n\n<p>\u2e3b<\/p>\n\n\n\n<p>S\u00dcRD\u00dcR\u00dcLEB\u0130L\u0130RL\u0130K \u0130LKELER\u0130M\u0130Z<br>\u2022 \u00c7evresel Etkiyi Minimize Etmek: Maden \u00e7\u0131karma ve i\u015fleme s\u00fcre\u00e7lerimizde \u00e7evreye verilen zarar\u0131 en aza indirmek i\u00e7in modern teknolojiler ve rehabilitasyon y\u00f6ntemleri kullan\u0131r\u0131z.<br>\u2022 Kaynak Verimlili\u011fi: Do\u011fal kaynaklar\u0131 israf etmeden, maksimum verimle ve sorumlu bir yakla\u015f\u0131mla kullan\u0131r\u0131z.<br>\u2022 Enerji ve Su Y\u00f6netimi: Enerji verimlili\u011fi sa\u011flayan sistemlerle \u00e7al\u0131\u015f\u0131r, su kaynaklar\u0131n\u0131 tasarruflu ve s\u00fcrd\u00fcr\u00fclebilir \u015fekilde kullan\u0131r\u0131z.<br>\u2022 Karbon Ayak \u0130zi: Karbon sal\u0131n\u0131m\u0131n\u0131 d\u00fc\u015f\u00fcrmeye y\u00f6nelik stratejiler geli\u015ftirerek, iklim de\u011fi\u015fikli\u011fi ile m\u00fccadeleye katk\u0131 sa\u011flar\u0131z.<br>\u2022 Yerel Toplumlarla \u0130\u015f Birli\u011fi: B\u00f6lgesel kalk\u0131nmay\u0131 desteklemek ad\u0131na, yerel halkla i\u015f birli\u011fi i\u00e7inde sosyal projeler geli\u015ftiririz.<br>\u2022 Yasal ve Uluslararas\u0131 Standartlara Uyum: T\u00fcm faaliyetlerimizi ulusal mevzuatlara ve uluslararas\u0131 \u00e7evre standartlar\u0131na uygun olarak&nbsp;y\u00fcr\u00fct\u00fcr\u00fcz.<\/p>\n\n\n\n<div style=\"height:100px\" aria-hidden=\"true\" class=\"wp-block-spacer\"><\/div>\n\n\n\n<div class=\"wp-block-cover alignfull has-parallax\" style=\"min-height:68px;aspect-ratio:unset;\"><div class=\"wp-block-cover__image-background wp-image-7080 size-large has-parallax\" style=\"background-position:50% 50%;background-image:url(https:\/\/mersy.eu\/v1\/wp-content\/uploads\/2025\/09\/altbar3-1024x51.png)\"><\/div><span aria-hidden=\"true\" class=\"wp-block-cover__background has-background-dim\" style=\"background-color:#ad2f2e\"><\/span><div class=\"wp-block-cover__inner-container is-layout-flow wp-block-cover-is-layout-flow\">\n<div class=\"wp-block-group is-content-justification-space-between is-nowrap is-layout-flex wp-container-core-group-is-layout-cb46ffcb wp-block-group-is-layout-flex\">\n<p class=\"has-white-color has-text-color has-link-color wp-elements-a671b38faba3f02e5f444e10e038c0f2\"><a href=\"https:\/\/mersy.eu\/v1\/?page_id=6922\" data-type=\"page\" data-id=\"6922\">\u2190 S\u0131k\u00e7a Sorulan Sorular ?<\/a><\/p>\n\n\n\n<p class=\"has-white-color has-text-color has-link-color wp-elements-8609946b928931d929bc9573f25e678e\"><a href=\"https:\/\/mersy.eu\/v1\/?page_id=6888\" data-type=\"page\" data-id=\"6888\">\u0130\u015fe Al\u0131m S\u00fcrecimiz \u2192<\/a><\/p>\n<\/div>\n<\/div><\/div>\n\n\n\n<div style=\"height:40px\" aria-hidden=\"true\" class=\"wp-block-spacer\"><\/div>\n","protected":false},"excerpt":{"rendered":"<p>Misyon &amp; Vizyon M\u0130SYONUMUZ Do\u011fal kaynaklar\u0131n ak\u0131lc\u0131, sorumlu ve s\u00fcrd\u00fcr\u00fclebilir bir yakla\u015f\u0131mla ekonomiye kazand\u0131r\u0131lmas\u0131 hedefiyle; y\u00fcksek standartlarda, \u00e7evreye duyarl\u0131 ve toplumsal fayday\u0131 g\u00f6zeten madencilik faaliyetleri y\u00fcr\u00fct\u00fcyoruz.Amac\u0131m\u0131z; maden \u00e7\u0131karma ve i\u015fleme s\u00fcre\u00e7lerinde teknolojiyi, bilimi ve insan kayna\u011f\u0131n\u0131 en verimli \u015fekilde kullanarak, yerli ve yabanc\u0131 pazarlara kaliteli, g\u00fcvenilir ve izlenebilir \u00fcr\u00fcnler sunmak.T\u00fcm s\u00fcre\u00e7lerimizde i\u015f sa\u011fl\u0131\u011f\u0131 ve g\u00fcvenli\u011fi, &hellip; <\/p>\n<p class=\"link-more\"><a href=\"http:\/\/mersy.eu\/v1\/?page_id=10\" class=\"more-link\"><span class=\"screen-reader-text\"> &#8220;misyon vizyon&#8221;<\/span>devam\u0131n\u0131 oku<\/a><\/p>\n","protected":false},"author":1,"featured_media":0,"parent":20,"menu_order":0,"comment_status":"closed","ping_status":"closed","template":"page-templates\/no-title.php","meta":{"footnotes":""},"class_list":["post-10","page","type-page","status-publish","hentry"],"_links":{"self":[{"href":"http:\/\/mersy.eu\/v1\/index.php?rest_route=\/wp\/v2\/pages\/10","targetHints":{"allow":["GET"]}}],"collection":[{"href":"http:\/\/mersy.eu\/v1\/index.php?rest_route=\/wp\/v2\/pages"}],"about":[{"href":"http:\/\/mersy.eu\/v1\/index.php?rest_route=\/wp\/v2\/types\/page"}],"author":[{"embeddable":true,"href":"http:\/\/mersy.eu\/v1\/index.php?rest_route=\/wp\/v2\/users\/1"}],"replies":[{"embeddable":true,"href":"http:\/\/mersy.eu\/v1\/index.php?rest_route=%2Fwp%2Fv2%2Fcomments&post=10"}],"version-history":[{"count":5,"href":"http:\/\/mersy.eu\/v1\/index.php?rest_route=\/wp\/v2\/pages\/10\/revisions"}],"predecessor-version":[{"id":7110,"href":"http:\/\/mersy.eu\/v1\/index.php?rest_route=\/wp\/v2\/pages\/10\/revisions\/7110"}],"up":[{"embeddable":true,"href":"http:\/\/mersy.eu\/v1\/index.php?rest_route=\/wp\/v2\/pages\/20"}],"wp:attachment":[{"href":"http:\/\/mersy.eu\/v1\/index.php?rest_route=%2Fwp%2Fv2%2Fmedia&parent=10"}],"curies":[{"name":"wp","href":"https:\/\/api.w.org\/{rel}","templated":true}]}}